{"id":16,"date":"2020-09-11T15:34:22","date_gmt":"2020-09-11T18:34:22","guid":{"rendered":"http:\/\/web2.spineda.com.ar\/?page_id=16"},"modified":"2020-09-16T14:59:36","modified_gmt":"2020-09-16T17:59:36","slug":"acerca-de","status":"publish","type":"page","link":"https:\/\/spineda.com.ar\/index.php\/acerca-de\/","title":{"rendered":"Nosotros"},"content":{"rendered":"\n<p>Somos una empresa familiar dedicada principalmente al desarrollo de productos analg\u00e9sicos y antirreum\u00e1ticos de uso t\u00f3pico, en dos unidades de negocios: Veterinaria y Humana. Nuestro laboratorio lleva m\u00e1s de un siglo de permanencia en el mercado. Nuestro primer desarrollo, el FLUIDO SPINEDA, naci\u00f3 dedicado a los caballos deportivos de alto rendimiento, intentando ofrecer una forma farmac\u00e9utica t\u00f3pica, de r\u00e1pida acci\u00f3n que contribuyera al reumatismo, manquera, sobrehuesos, dolores articulares cr\u00f3nicos entre otros. Con el correr de los a\u00f1os nuestro porfolio de productos fue creciendo hasta el desarrollo de la l\u00ednea cosm\u00e9tica.<br>Hoy contamos con una l\u00ednea veterinaria para el dolor, belleza de mascotas y antiparasitario de uso externo y una l\u00ednea cosm\u00e9tica de uso humano dedicado a favorecer el masaje localizado.<\/p>\n","protected":false},"excerpt":{"rendered":"<p>Somos una empresa familiar dedicada principalmente al desarrollo de productos analg\u00e9sicos y antirreum\u00e1ticos de uso t\u00f3pico, en dos unidades de negocios: Veterinaria y Humana. Nuestro laboratorio lleva m\u00e1s de un siglo de permanencia en el mercado. Nuestro primer desarrollo, el FLUIDO SPINEDA, naci\u00f3 dedicado a los caballos deportivos de alto rendimiento, intentando ofrecer una forma [&hellip;]<\/p>\n","protected":false},"author":1,"featured_media":0,"parent":0,"menu_order":0,"comment_status":"closed","ping_status":"closed","template":"","meta":{"footnotes":""},"class_list":["post-16","page","type-page","status-publish","hentry"],"_links":{"self":[{"href":"https:\/\/spineda.com.ar\/index.php\/wp-json\/wp\/v2\/pages\/16","targetHints":{"allow":["GET"]}}],"collection":[{"href":"https:\/\/spineda.com.ar\/index.php\/wp-json\/wp\/v2\/pages"}],"about":[{"href":"https:\/\/spineda.com.ar\/index.php\/wp-json\/wp\/v2\/types\/page"}],"author":[{"embeddable":true,"href":"https:\/\/spineda.com.ar\/index.php\/wp-json\/wp\/v2\/users\/1"}],"replies":[{"embeddable":true,"href":"https:\/\/spineda.com.ar\/index.php\/wp-json\/wp\/v2\/comments?post=16"}],"version-history":[{"count":3,"href":"https:\/\/spineda.com.ar\/index.php\/wp-json\/wp\/v2\/pages\/16\/revisions"}],"predecessor-version":[{"id":69,"href":"https:\/\/spineda.com.ar\/index.php\/wp-json\/wp\/v2\/pages\/16\/revisions\/69"}],"wp:attachment":[{"href":"https:\/\/spineda.com.ar\/index.php\/wp-json\/wp\/v2\/media?parent=16"}],"curies":[{"name":"wp","href":"https:\/\/api.w.org\/{rel}","templated":true}]}}