{"id":82,"date":"2020-10-01T13:49:17","date_gmt":"2020-10-01T16:49:17","guid":{"rendered":"http:\/\/web2.spineda.com.ar\/?page_id=82"},"modified":"2024-05-13T17:13:28","modified_gmt":"2024-05-13T20:13:28","slug":"uso-veterinario","status":"publish","type":"page","link":"https:\/\/spineda.com.ar\/index.php\/uso-veterinario\/","title":{"rendered":"Uso Veterinario"},"content":{"rendered":"\n<div class=\"wp-block-group alignwide\"><div class=\"wp-block-group__inner-container is-layout-flow wp-block-group-is-layout-flow\">\n<p><\/p>\n<\/div><\/div>\n\n\n\n<div class=\"wp-block-columns alignwide is-layout-flex wp-container-core-columns-is-layout-9d6595d7 wp-block-columns-is-layout-flex\">\n<div class=\"wp-block-column is-layout-flow wp-block-column-is-layout-flow\">\n<div class=\"wp-block-group\"><div class=\"wp-block-group__inner-container is-layout-flow wp-block-group-is-layout-flow\">\n<div class=\"wp-block-group alignwide\"><div class=\"wp-block-group__inner-container is-layout-flow wp-block-group-is-layout-flow\"><\/div><\/div>\n\n\n\n<div class=\"wp-block-group\"><div class=\"wp-block-group__inner-container is-layout-constrained wp-block-group-is-layout-constrained\">\n<div class=\"wp-block-media-text is-stacked-on-mobile\"><figure class=\"wp-block-media-text__media\"><img loading=\"lazy\" decoding=\"async\" width=\"1024\" height=\"764\" src=\"https:\/\/spineda.com.ar\/wp-content\/uploads\/2020\/09\/Crema-spineda-200-gr_ch-Copy-4-1024x764.jpg\" alt=\"\" class=\"wp-image-105 size-full\" srcset=\"https:\/\/spineda.com.ar\/wp-content\/uploads\/2020\/09\/Crema-spineda-200-gr_ch-Copy-4-1024x764.jpg 1024w, https:\/\/spineda.com.ar\/wp-content\/uploads\/2020\/09\/Crema-spineda-200-gr_ch-Copy-4-300x224.jpg 300w, https:\/\/spineda.com.ar\/wp-content\/uploads\/2020\/09\/Crema-spineda-200-gr_ch-Copy-4-768x573.jpg 768w, https:\/\/spineda.com.ar\/wp-content\/uploads\/2020\/09\/Crema-spineda-200-gr_ch-Copy-4.jpg 1181w\" sizes=\"auto, (max-width: 1024px) 100vw, 1024px\" \/><\/figure><div class=\"wp-block-media-text__content\">\n<p>Composici\u00f3n: Salicilato de Dietilamina 10 g, tintura de C\u00e1psico 0,4 g, mentol cristal 1 g, crema base csp 100 g.<\/p>\n<\/div><\/div>\n<\/div><\/div>\n\n\n\n<p><\/p>\n\n\n\n<p><\/p>\n<\/div><\/div>\n\n\n\n<div class=\"wp-block-group\"><div class=\"wp-block-group__inner-container is-layout-flow wp-block-group-is-layout-flow\">\n<div class=\"wp-block-media-text alignwide is-image-fill is-stacked-on-mobile\"><figure class=\"wp-block-media-text__media\" style=\"background-image:url(https:\/\/spineda.com.ar\/wp-content\/uploads\/2020\/09\/fluido-con-fondo-ch-1-683x1024.jpg);background-position:50% 50%\"><img loading=\"lazy\" decoding=\"async\" width=\"683\" height=\"1024\" src=\"https:\/\/spineda.com.ar\/wp-content\/uploads\/2020\/09\/fluido-con-fondo-ch-1-683x1024.jpg\" alt=\"\" class=\"wp-image-103 size-full\" srcset=\"https:\/\/spineda.com.ar\/wp-content\/uploads\/2020\/09\/fluido-con-fondo-ch-1-683x1024.jpg 683w, https:\/\/spineda.com.ar\/wp-content\/uploads\/2020\/09\/fluido-con-fondo-ch-1-200x300.jpg 200w, https:\/\/spineda.com.ar\/wp-content\/uploads\/2020\/09\/fluido-con-fondo-ch-1-768x1152.jpg 768w, https:\/\/spineda.com.ar\/wp-content\/uploads\/2020\/09\/fluido-con-fondo-ch-1.jpg 886w\" sizes=\"auto, (max-width: 683px) 100vw, 683px\" \/><\/figure><div class=\"wp-block-media-text__content\">\n<p>REVULSIVO FLUIDO SPINEDA:<\/p>\n\n\n\n<p>Composici\u00f3n: Alcanfor 5 g; Esencia de trementina 17,95 g; Amon\u00edaco 19,7 g Tintura de \u00e1rnica 25: 1.000-207,35 ml.<\/p>\n\n\n\n<p class=\"has-large-font-size\"><\/p>\n<\/div><\/div>\n\n\n\n<p><\/p>\n<\/div><\/div>\n<\/div>\n\n\n\n<div class=\"wp-block-column is-layout-flow wp-block-column-is-layout-flow\">\n<div class=\"wp-block-group\"><div class=\"wp-block-group__inner-container is-layout-flow wp-block-group-is-layout-flow\">\n<div class=\"wp-block-media-text alignwide is-image-fill is-stacked-on-mobile\"><figure class=\"wp-block-media-text__media\" style=\"background-image:url(https:\/\/spineda.com.ar\/wp-content\/uploads\/2020\/09\/Crema-de-Ordene-200-gr_ch-Copy-6-1024x804.jpg);background-position:50% 50%\"><img loading=\"lazy\" decoding=\"async\" width=\"1024\" height=\"804\" src=\"https:\/\/spineda.com.ar\/wp-content\/uploads\/2020\/09\/Crema-de-Ordene-200-gr_ch-Copy-6-1024x804.jpg\" alt=\"\" class=\"wp-image-100 size-full\" srcset=\"https:\/\/spineda.com.ar\/wp-content\/uploads\/2020\/09\/Crema-de-Ordene-200-gr_ch-Copy-6-1024x804.jpg 1024w, https:\/\/spineda.com.ar\/wp-content\/uploads\/2020\/09\/Crema-de-Ordene-200-gr_ch-Copy-6-300x235.jpg 300w, https:\/\/spineda.com.ar\/wp-content\/uploads\/2020\/09\/Crema-de-Ordene-200-gr_ch-Copy-6-768x603.jpg 768w, https:\/\/spineda.com.ar\/wp-content\/uploads\/2020\/09\/Crema-de-Ordene-200-gr_ch-Copy-6.jpg 1181w\" sizes=\"auto, (max-width: 1024px) 100vw, 1024px\" \/><\/figure><div class=\"wp-block-media-text__content\">\n<p>CREMA DE ORDE\u00d1E SPINEDA&nbsp;con efecto cicatrizante:<\/p>\n\n\n\n<p>Composici\u00f3n: \u00d3xido de Zinc 5.00 gr.; Benzalconio Cloruro 0.20 gr.; Vitamina A Palmitato 170.000 UI; Agentes de formulaci\u00f3n C.S.P 100 gr.<\/p>\n<\/div><\/div>\n\n\n\n<p><\/p>\n<\/div><\/div>\n\n\n\n<div class=\"wp-block-group\"><div class=\"wp-block-group__inner-container is-layout-flow wp-block-group-is-layout-flow\">\n<div class=\"wp-block-media-text alignwide is-image-fill is-stacked-on-mobile\"><figure class=\"wp-block-media-text__media\" style=\"background-image:url(https:\/\/spineda.com.ar\/wp-content\/uploads\/2020\/10\/rev_250-546x1024.jpg);background-position:50% 50%\"><img loading=\"lazy\" decoding=\"async\" width=\"546\" height=\"1024\" src=\"https:\/\/spineda.com.ar\/wp-content\/uploads\/2020\/10\/rev_250-546x1024.jpg\" alt=\"\" class=\"wp-image-111 size-full\" srcset=\"https:\/\/spineda.com.ar\/wp-content\/uploads\/2020\/10\/rev_250-546x1024.jpg 546w, https:\/\/spineda.com.ar\/wp-content\/uploads\/2020\/10\/rev_250-160x300.jpg 160w, https:\/\/spineda.com.ar\/wp-content\/uploads\/2020\/10\/rev_250-768x1441.jpg 768w, https:\/\/spineda.com.ar\/wp-content\/uploads\/2020\/10\/rev_250-819x1536.jpg 819w, https:\/\/spineda.com.ar\/wp-content\/uploads\/2020\/10\/rev_250-1092x2048.jpg 1092w, https:\/\/spineda.com.ar\/wp-content\/uploads\/2020\/10\/rev_250-1200x2251.jpg 1200w, https:\/\/spineda.com.ar\/wp-content\/uploads\/2020\/10\/rev_250-scaled.jpg 1365w\" sizes=\"auto, (max-width: 546px) 100vw, 546px\" \/><\/figure><div class=\"wp-block-media-text__content\">\n<p>CURABICHERAS SPINEDA Pasta:<\/p>\n\n\n\n<p>Composici\u00f3n: Cipermetrina 0,60 g; DDVP 3 g; Aceite de pino 5 g; Excipientes csp 100 g.<\/p>\n<\/div><\/div>\n\n\n\n<p><\/p>\n<\/div><\/div>\n\n\n\n<p><\/p>\n<\/div>\n<\/div>\n\n\n\n<div class=\"wp-block-group alignwide\"><div class=\"wp-block-group__inner-container is-layout-flow wp-block-group-is-layout-flow\">\n<p><\/p>\n<\/div><\/div>\n\n\n\n<div class=\"wp-block-columns alignwide is-layout-flex wp-container-core-columns-is-layout-9d6595d7 wp-block-columns-is-layout-flex\">\n<div class=\"wp-block-column is-layout-flow wp-block-column-is-layout-flow\">\n<div class=\"wp-block-group\"><div class=\"wp-block-group__inner-container is-layout-flow wp-block-group-is-layout-flow\">\n<div class=\"wp-block-group alignwide\"><div class=\"wp-block-group__inner-container is-layout-flow wp-block-group-is-layout-flow\">\n<div class=\"wp-block-group alignwide\"><div class=\"wp-block-group__inner-container is-layout-flow wp-block-group-is-layout-flow\">\n<p><\/p>\n<\/div><\/div>\n<\/div><\/div>\n\n\n\n<p><\/p>\n<\/div><\/div>\n\n\n\n<div class=\"wp-block-group\"><div class=\"wp-block-group__inner-container is-layout-flow wp-block-group-is-layout-flow\">\n<p><\/p>\n\n\n\n<p><\/p>\n<\/div><\/div>\n<\/div>\n\n\n\n<div class=\"wp-block-column is-layout-flow wp-block-column-is-layout-flow\">\n<div class=\"wp-block-group\"><div class=\"wp-block-group__inner-container is-layout-flow wp-block-group-is-layout-flow\">\n<p><\/p>\n<\/div><\/div>\n\n\n\n<div class=\"wp-block-group\"><div class=\"wp-block-group__inner-container is-layout-flow wp-block-group-is-layout-flow\">\n<p><\/p>\n<\/div><\/div>\n<\/div>\n<\/div>\n\n\n\n<p><\/p>\n","protected":false},"excerpt":{"rendered":"<p>Composici\u00f3n: Salicilato de Dietilamina 10 g, tintura de C\u00e1psico 0,4 g, mentol cristal 1 g, crema base csp 100 g. REVULSIVO FLUIDO SPINEDA: Composici\u00f3n: Alcanfor 5 g; Esencia de trementina 17,95 g; Amon\u00edaco 19,7 g Tintura de \u00e1rnica 25: 1.000-207,35 ml. CREMA DE ORDE\u00d1E SPINEDA&nbsp;con efecto cicatrizante: Composici\u00f3n: \u00d3xido de Zinc 5.00 gr.; Benzalconio Cloruro [&hellip;]<\/p>\n","protected":false},"author":1,"featured_media":0,"parent":0,"menu_order":0,"comment_status":"closed","ping_status":"closed","template":"","meta":{"footnotes":""},"class_list":["post-82","page","type-page","status-publish","hentry"],"_links":{"self":[{"href":"https:\/\/spineda.com.ar\/index.php\/wp-json\/wp\/v2\/pages\/82","targetHints":{"allow":["GET"]}}],"collection":[{"href":"https:\/\/spineda.com.ar\/index.php\/wp-json\/wp\/v2\/pages"}],"about":[{"href":"https:\/\/spineda.com.ar\/index.php\/wp-json\/wp\/v2\/types\/page"}],"author":[{"embeddable":true,"href":"https:\/\/spineda.com.ar\/index.php\/wp-json\/wp\/v2\/users\/1"}],"replies":[{"embeddable":true,"href":"https:\/\/spineda.com.ar\/index.php\/wp-json\/wp\/v2\/comments?post=82"}],"version-history":[{"count":12,"href":"https:\/\/spineda.com.ar\/index.php\/wp-json\/wp\/v2\/pages\/82\/revisions"}],"predecessor-version":[{"id":166,"href":"https:\/\/spineda.com.ar\/index.php\/wp-json\/wp\/v2\/pages\/82\/revisions\/166"}],"wp:attachment":[{"href":"https:\/\/spineda.com.ar\/index.php\/wp-json\/wp\/v2\/media?parent=82"}],"curies":[{"name":"wp","href":"https:\/\/api.w.org\/{rel}","templated":true}]}}